{"id":969,"date":"2017-02-21T11:52:02","date_gmt":"2017-02-21T10:52:02","guid":{"rendered":"https:\/\/www.provence-camping.com\/services\/"},"modified":"2026-02-15T11:18:04","modified_gmt":"2026-02-15T10:18:04","slug":"services","status":"publish","type":"page","link":"https:\/\/www.provence-camping.com\/de\/services\/","title":{"rendered":"Services"},"content":{"rendered":"<div class=\"fusion-fullwidth fullwidth-box fusion-builder-row-1 nonhundred-percent-fullwidth non-hundred-percent-height-scrolling\"  style='background-color: rgba(255,255,255,0);background-position: center center;background-repeat: no-repeat;padding-top:20px;padding-right:0px;padding-bottom:20px;padding-left:0px;'><div class=\"fusion-builder-row fusion-row \"><div  class=\"fusion-layout-column fusion_builder_column fusion_builder_column_1_1 fusion-builder-column-0 fusion-one-full fusion-column-first fusion-column-last 1_1\"  style='margin-top:0px;margin-bottom:0px;'><div class=\"fusion-column-wrapper\" style=\"padding: 0px 0px 0px 0px;background-position:left top;background-repeat:no-repeat;-webkit-background-size:cover;-moz-background-size:cover;-o-background-size:cover;background-size:cover;\"   data-bg-url=\"\"><style type=\"text\/css\"><\/style><div class=\"fusion-title title fusion-title-1 fusion-sep-none fusion-title-text fusion-title-size-one\" style=\"margin-top:0px;margin-bottom:31px;\"><h1 class=\"title-heading-left\" style=\"margin:0;\">Services: Vor-Ort und in der N\u00e4he<\/h1><\/div><style type=\"text\/css\"><\/style><div class=\"fusion-title title fusion-title-2 fusion-sep-none fusion-title-text fusion-title-size-two\" style=\"margin-top:0px;margin-bottom:31px;\"><h2 class=\"title-heading-left\" style=\"margin:0;\">Unsere Leistungen in der Saison<\/h2><\/div><div class=\"fusion-clearfix\"><\/div><\/div><\/div><div  class=\"fusion-layout-column fusion_builder_column fusion_builder_column_3_4 fusion-builder-column-1 fusion-three-fourth fusion-column-first 3_4\"  style='margin-top:0px;margin-bottom:20px;width:75%;width:calc(75% - ( ( 4% ) * 0.75 ) );margin-right: 4%;'><div class=\"fusion-column-wrapper\" style=\"padding: 0px 0px 0px 0px;background-position:left top;background-repeat:no-repeat;-webkit-background-size:cover;-moz-background-size:cover;-o-background-size:cover;background-size:cover;\"   data-bg-url=\"\"><div class=\"fusion-text\"><p data-start=\"2192\" data-end=\"2333\"><strong>Entdecken Sie praktische Services f\u00fcr einen rundum komfortablen Aufenthalt auf dem Camping Les Verguettes!<\/strong><\/p>\n<p data-start=\"2192\" data-end=\"2333\">&#x1f31e;<strong> \u00d6ffnungszeiten der Rezeption:<\/strong><\/p>\n<ul>\n<li data-start=\"2192\" data-end=\"2333\">April und Oktober: 10:00\u201312:00 Uhr und 14:00\u201318:00 Uhr<\/li>\n<li data-start=\"2192\" data-end=\"2333\">Mai, Juni, Juli, August und September: 8:30\u201312:00 Uhr und 14:00\u201319:00 Uhr<\/li>\n<\/ul>\n<p data-start=\"2473\" data-end=\"2628\">&#x1f377; <strong>Die Bar<\/strong> hat die gleichen \u00d6ffnungszeiten wie die Rezeption. Von Mitte Juli bis Mitte August bleibt sie bei gro\u00dfem Andrang maximal bis 22:00 Uhr ge\u00f6ffnet.<\/p>\n<p data-start=\"2630\" data-end=\"2740\">&#x1f7e2; <strong>Barrierefreiheit<\/strong>: Rezeption und Bar sind vollst\u00e4ndig f\u00fcr Personen mit eingeschr\u00e4nkter Mobilit\u00e4t zug\u00e4nglich.<\/p>\n<p data-start=\"2742\" data-end=\"2765\">&#x1f374; <strong>Essen &amp; Entspannung:<\/strong><\/p>\n<ul>\n<li data-start=\"2742\" data-end=\"2765\">Im Juli und August stehen Food Trucks auf dem Parkplatz des Campingplatzes und verw\u00f6hnen Sie kulinarisch. Das Programm finden Sie auf der Seite \u201eAktivit\u00e4ten\u201c.<\/li>\n<li data-start=\"2742\" data-end=\"2765\">Eine Terrasse mit Tischen und St\u00fchlen steht Ihnen zur Verf\u00fcgung. Wenn Sie vor Ort essen m\u00f6chten, bestellen Sie die Getr\u00e4nke bitte an der Bar.<\/li>\n<\/ul>\n<p data-start=\"3075\" data-end=\"3092\">&#x1f4f6; <strong>Konnektivit\u00e4t<\/strong>:\u00a0Genie\u00dfen Sie kostenloses WLAN auf dem gesamten Campingplatz. Das Passwort erhalten Sie bei Ihrer Ankunft an der Rezeption.<\/p>\n<p data-start=\"3075\" data-end=\"3092\">&#x1f50c;&#x1f697; Der Campingplatz verf\u00fcgt \u00fcber <strong>eine Ladestation f\u00fcr Elektrofahrzeuge<\/strong>, die ausschlie\u00dflich f\u00fcr G\u00e4ste reserviert ist, die auf dem Campingplatz \u00fcbernachten. Die Bezahlung erfolgt direkt an der Lades\u00e4ule \u00fcber eine herunterzuladende App. Das Typ-2-Ladekabel wird nicht bereitgestellt \u2013 bitte denken Sie daran, Ihr eigenes Kabel mitzubringen.<\/p>\n<p data-start=\"3218\" data-end=\"3243\">&#x2728; <strong>Praktische Ausstattung:<\/strong><\/p>\n<ul>\n<li data-start=\"3218\" data-end=\"3243\"><strong>Gefrierschrank<\/strong>: Freier Zugang und kostenlos f\u00fcr Ihre K\u00fchlakkus\/Eis-Packs.<\/li>\n<li data-start=\"3218\" data-end=\"3243\"><strong>Waschmaschine<\/strong>: Barzahlung direkt an der Maschine (Waschmittel an der Rezeption erh\u00e4ltlich).<\/li>\n<li data-start=\"3218\" data-end=\"3243\"><strong>Camping-Stromkabel &amp; Adapter<\/strong>: Verleih gegen Kaution von CE-konformen Kabeln\/Adaptern (begrenzter Bestand).<\/li>\n<li data-start=\"3218\" data-end=\"3243\"><strong>Grill-Plancha-Verleih<\/strong>: 5 \u20ac\/Tag oder 30 \u20ac\/Woche (Kaution 20 \u20ac, Material sauber und funktionsf\u00e4hig zur\u00fcckgeben, begrenzter Bestand).<\/li>\n<li data-start=\"3218\" data-end=\"3243\"><strong>Bereich zum Reinigen und Reparieren von Fahrr\u00e4dern<\/strong>: Gegen\u00fcber den unteren Sanit\u00e4ranlagen.<\/li>\n<li data-start=\"3218\" data-end=\"3243\"><strong>Ladestation f\u00fcr Elektroautos<\/strong>: Eine Ladestation ist auf dem Campingplatz verf\u00fcgbar, in Partnerschaft mit Recharge+ (T2-Stecker, bitte eigenes Kabel mitbringen, Laden bis zu 11 kW).<\/li>\n<\/ul>\n<p data-start=\"3942\" data-end=\"3969\">&#x1f304; <strong>Morgendliche Leckereien:<\/strong><\/p>\n<ul>\n<li data-start=\"3942\" data-end=\"3969\">Von Juni bis Mitte September: Frisches Brot und Geb\u00e4ck an der Rezeption erh\u00e4ltlich.<\/li>\n<li data-start=\"3942\" data-end=\"3969\">Oder: Brot gibt es in der B\u00e4ckerei im Dorf.<\/li>\n<\/ul>\n<p data-start=\"4106\" data-end=\"4217\">&#x1f343; <strong>Alles in der N\u00e4he:<\/strong> Der Campingplatz liegt ideal, nur 5 Gehminuten vom Dorfzentrum entfernt. Dort finden Sie:<\/p>\n<ul>\n<li data-start=\"4106\" data-end=\"4217\">Restaurants und Bars<\/li>\n<li data-start=\"4106\" data-end=\"4217\">Lebensmittelgesch\u00e4fte und B\u00e4ckereien<\/li>\n<li data-start=\"4106\" data-end=\"4217\">Tabakladen\/Presse, Blumenladen, Handwerksl\u00e4den<\/li>\n<li data-start=\"4106\" data-end=\"4217\">Reinigungs- und Dekoartikel<\/li>\n<\/ul>\n<p data-start=\"4369\" data-end=\"4501\"><strong>Ein Aufenthalt auf dem Camping Les Verguettes bedeutet eine freundliche Atmosph\u00e4re und passende Services f\u00fcr unbeschwerte Ferien.<\/strong> &#x1f31f;<\/p>\n<\/div><div class=\"fusion-clearfix\"><\/div><\/div><\/div><div  class=\"fusion-layout-column fusion_builder_column fusion_builder_column_1_4 fusion-builder-column-2 fusion-one-fourth fusion-column-last 1_4\"  style='margin-top:0px;margin-bottom:20px;width:25%;width:calc(25% - ( ( 4% ) * 0.25 ) );'><div class=\"fusion-column-wrapper\" style=\"padding: 0px 0px 0px 0px;background-position:left top;background-repeat:no-repeat;-webkit-background-size:cover;-moz-background-size:cover;-o-background-size:cover;background-size:cover;\"   data-bg-url=\"\"><div class=\"imageframe-align-center\"><span class=\"fusion-imageframe imageframe-none imageframe-1 hover-type-none\"><a href=\"https:\/\/www.provence-camping.com\/wp-content\/uploads\/terrasse.jpg\" class=\"fusion-lightbox\" data-rel=\"iLightbox[services]\" data-title=\"La terrasse du bar\" title=\"La terrasse du bar\"><img loading=\"lazy\" decoding=\"async\" src=\"https:\/\/www.provence-camping.com\/wp-content\/uploads\/terrasse.jpg\" data-orig-src=\"https:\/\/www.provence-camping.com\/wp-content\/uploads\/terrasse-300x194.jpg\" width=\"300\" height=\"194\" alt=\"Camping Les Verguettes Terrasse Piscine\" class=\"lazyload img-responsive wp-image-2675\" srcset=\"data:image\/svg+xml,%3Csvg%20xmlns%3D%27http%3A%2F%2Fwww.w3.org%2F2000%2Fsvg%27%20width%3D%27960%27%20height%3D%27622%27%20viewBox%3D%270%200%20960%20622%27%3E%3Crect%20width%3D%27960%27%20height%3D%273622%27%20fill-opacity%3D%220%22%2F%3E%3C%2Fsvg%3E\" data-srcset=\"https:\/\/www.provence-camping.com\/wp-content\/uploads\/terrasse-200x130.jpg 200w, https:\/\/www.provence-camping.com\/wp-content\/uploads\/terrasse-400x259.jpg 400w, https:\/\/www.provence-camping.com\/wp-content\/uploads\/terrasse-600x389.jpg 600w, https:\/\/www.provence-camping.com\/wp-content\/uploads\/terrasse-800x518.jpg 800w, https:\/\/www.provence-camping.com\/wp-content\/uploads\/terrasse.jpg 960w\" data-sizes=\"auto\" data-orig-sizes=\"auto, (max-width: 1000px) 100vw, 400px\" \/><\/a><\/span><\/div><div class=\"fusion-sep-clear\"><\/div><div class=\"fusion-separator fusion-full-width-sep sep-none\" style=\"margin-left: auto;margin-right: auto;margin-top:15px;\"><\/div><span class=\"fusion-imageframe imageframe-none imageframe-2 hover-type-none\"><a href=\"https:\/\/www.provence-camping.com\/wp-content\/uploads\/Verguettes-Accueil-2017.jpg\" class=\"fusion-lightbox\" data-rel=\"iLightbox[a92ce4295f8ca9bb477]\" title=\"Reception\"><img loading=\"lazy\" decoding=\"async\" src=\"https:\/\/www.provence-camping.com\/wp-content\/uploads\/Verguettes-Accueil-2017-scaled.jpg\" data-orig-src=\"https:\/\/www.provence-camping.com\/wp-content\/uploads\/Verguettes-Accueil-2017.jpg\" width=\"3358\" height=\"2570\" alt=\"Les Verguettes - L'accueil\" class=\"lazyload img-responsive wp-image-2771\" srcset=\"data:image\/svg+xml,%3Csvg%20xmlns%3D%27http%3A%2F%2Fwww.w3.org%2F2000%2Fsvg%27%20width%3D%273358%27%20height%3D%272570%27%20viewBox%3D%270%200%203358%202570%27%3E%3Crect%20width%3D%273358%27%20height%3D%2732570%27%20fill-opacity%3D%220%22%2F%3E%3C%2Fsvg%3E\" data-srcset=\"https:\/\/www.provence-camping.com\/wp-content\/uploads\/Verguettes-Accueil-2017-200x153.jpg 200w, https:\/\/www.provence-camping.com\/wp-content\/uploads\/Verguettes-Accueil-2017-400x306.jpg 400w, https:\/\/www.provence-camping.com\/wp-content\/uploads\/Verguettes-Accueil-2017-600x459.jpg 600w, https:\/\/www.provence-camping.com\/wp-content\/uploads\/Verguettes-Accueil-2017-800x612.jpg 800w, https:\/\/www.provence-camping.com\/wp-content\/uploads\/Verguettes-Accueil-2017-1200x918.jpg 1200w, https:\/\/www.provence-camping.com\/wp-content\/uploads\/Verguettes-Accueil-2017.jpg 3358w\" data-sizes=\"auto\" data-orig-sizes=\"auto, (max-width: 1000px) 100vw, 400px\" \/><\/a><\/span><div class=\"fusion-sep-clear\"><\/div><div class=\"fusion-separator fusion-full-width-sep sep-none\" style=\"margin-left: auto;margin-right: auto;margin-top:;\"><\/div><span class=\"fusion-imageframe imageframe-none imageframe-3 hover-type-none\"><a href=\"https:\/\/www.provence-camping.com\/wp-content\/uploads\/Verguettes-Bar-2017.jpg\" class=\"fusion-lightbox\" data-rel=\"iLightbox[ca9202f16e0a917c5ee]\" title=\"Verguettes Bar\"><img loading=\"lazy\" decoding=\"async\" src=\"https:\/\/www.provence-camping.com\/wp-content\/uploads\/Verguettes-Bar-2017-scaled.jpg\" data-orig-src=\"https:\/\/www.provence-camping.com\/wp-content\/uploads\/Verguettes-Bar-2017.jpg\" width=\"4354\" height=\"2536\" alt=\"\" class=\"lazyload img-responsive wp-image-2774\" srcset=\"data:image\/svg+xml,%3Csvg%20xmlns%3D%27http%3A%2F%2Fwww.w3.org%2F2000%2Fsvg%27%20width%3D%274354%27%20height%3D%272536%27%20viewBox%3D%270%200%204354%202536%27%3E%3Crect%20width%3D%274354%27%20height%3D%2732536%27%20fill-opacity%3D%220%22%2F%3E%3C%2Fsvg%3E\" data-srcset=\"https:\/\/www.provence-camping.com\/wp-content\/uploads\/Verguettes-Bar-2017-200x116.jpg 200w, https:\/\/www.provence-camping.com\/wp-content\/uploads\/Verguettes-Bar-2017-400x233.jpg 400w, https:\/\/www.provence-camping.com\/wp-content\/uploads\/Verguettes-Bar-2017-600x349.jpg 600w, https:\/\/www.provence-camping.com\/wp-content\/uploads\/Verguettes-Bar-2017-800x466.jpg 800w, https:\/\/www.provence-camping.com\/wp-content\/uploads\/Verguettes-Bar-2017-1200x699.jpg 1200w, https:\/\/www.provence-camping.com\/wp-content\/uploads\/Verguettes-Bar-2017.jpg 4354w\" data-sizes=\"auto\" data-orig-sizes=\"auto, (max-width: 1000px) 100vw, 400px\" \/><\/a><\/span><div class=\"fusion-sep-clear\"><\/div><div class=\"fusion-separator fusion-full-width-sep sep-none\" style=\"margin-left: auto;margin-right: auto;margin-top:;\"><\/div><div class=\"fusion-clearfix\"><\/div><\/div><\/div><div  class=\"fusion-layout-column fusion_builder_column fusion_builder_column_1_1 fusion-builder-column-3 fusion-one-full fusion-column-first fusion-column-last 1_1\"  style='margin-top:0px;margin-bottom:0px;'><div class=\"fusion-column-wrapper\" style=\"padding: 0px 0px 0px 0px;background-position:left top;background-repeat:no-repeat;-webkit-background-size:cover;-moz-background-size:cover;-o-background-size:cover;background-size:cover;\"   data-bg-url=\"\"><style type=\"text\/css\"><\/style><div class=\"fusion-title title fusion-title-3 fusion-sep-none fusion-title-text fusion-title-size-two\" style=\"margin-top:0px;margin-bottom:31px;\"><h2 class=\"title-heading-left\" style=\"margin:0;\">Essen auf dem Campingplatz und im Dorf<\/h2><\/div><div class=\"fusion-builder-row fusion-builder-row-inner fusion-row \"><div  class=\"fusion-layout-column fusion_builder_column fusion_builder_column_1_3 fusion-builder-nested-column-1 fusion-one-third fusion-column-first 1_3\"  style='margin-top: 0px;margin-bottom: 20px;width:33.33%;width:calc(33.33% - ( ( 4% ) * 0.3333 ) );margin-right:4%;'>\n\t\t\t\t\t<div class=\"fusion-column-wrapper fusion-column-wrapper-1\" style=\"padding: 0px 0px 0px 0px;background-position:left top;background-repeat:no-repeat;-webkit-background-size:cover;-moz-background-size:cover;-o-background-size:cover;background-size:cover;\" data-bg-url=\"\">\n\t\t\t\t\t\t<div class=\"imageframe-align-center\"><span class=\"fusion-imageframe imageframe-none imageframe-4 hover-type-none\"><a href=\"https:\/\/www.provence-camping.com\/wp-content\/uploads\/E-mehari-Verguettes1-1024x768.jpg\" class=\"fusion-lightbox\" data-rel=\"iLightbox[f58c2a390d14f587152]\" data-caption=\"Voiture \u00e9lectrique\" data-title=\"E-mehari\" title=\"Falafel\"><img loading=\"lazy\" decoding=\"async\" src=\"data:image\/svg+xml,%3Csvg%20xmlns%3D%27http%3A%2F%2Fwww.w3.org%2F2000%2Fsvg%27%20width%3D%27960%27%20height%3D%271034%27%20viewBox%3D%270%200%20960%201034%27%3E%3Crect%20width%3D%27960%27%20height%3D%2731034%27%20fill-opacity%3D%220%22%2F%3E%3C%2Fsvg%3E\" data-orig-src=\"https:\/\/www.provence-camping.com\/wp-content\/uploads\/Falafel-150x150.png\" width=\"150\" height=\"150\" alt=\"\" class=\"lazyload img-responsive wp-image-5526\"\/><\/a><\/span><\/div><div class=\"fusion-sep-clear\"><\/div><div class=\"fusion-separator fusion-full-width-sep sep-none\" style=\"margin-left: auto;margin-right: auto;margin-top:15 px;\"><\/div><div class=\"imageframe-align-center\"><span class=\"fusion-imageframe imageframe-none imageframe-5 hover-type-none\"><a href=\"https:\/\/www.provence-camping.com\/wp-content\/uploads\/E-mehari-Verguettes2-1024x798.jpg\" class=\"fusion-lightbox\" data-rel=\"iLightbox[3ca134164a14daf95a5]\" data-caption=\"Voiture \u00e9lectrique\" data-title=\"E-mehari\" title=\"Tarte ail caramelise\u0301\"><img loading=\"lazy\" decoding=\"async\" src=\"data:image\/svg+xml,%3Csvg%20xmlns%3D%27http%3A%2F%2Fwww.w3.org%2F2000%2Fsvg%27%20width%3D%27480%27%20height%3D%27640%27%20viewBox%3D%270%200%20480%20640%27%3E%3Crect%20width%3D%27480%27%20height%3D%273640%27%20fill-opacity%3D%220%22%2F%3E%3C%2Fsvg%3E\" data-orig-src=\"https:\/\/www.provence-camping.com\/wp-content\/uploads\/Tarte-ail-caramelise\u0301-150x150.jpeg\" width=\"150\" height=\"150\" alt=\"\" class=\"lazyload img-responsive wp-image-5542\"\/><\/a><\/span><\/div>\n\n\t\t\t\t\t<\/div>\n\t\t\t\t<\/div><div  class=\"fusion-layout-column fusion_builder_column fusion_builder_column_2_3 fusion-builder-nested-column-2 fusion-two-third fusion-column-last 2_3\"  style='margin-top: 0px;margin-bottom: 20px;width:66.66%;width:calc(66.66% - ( ( 4% ) * 0.6666 ) );'>\n\t\t\t\t\t<div class=\"fusion-column-wrapper fusion-column-wrapper-2\" style=\"padding: 0px 0px 0px 0px;background-position:left top;background-repeat:no-repeat;-webkit-background-size:cover;-moz-background-size:cover;-o-background-size:cover;background-size:cover;\" data-bg-url=\"\">\n\t\t\t\t\t\t<div class=\"fusion-text\"><p><span style=\"color: #ff00ff;\"><strong>Der Campingplatz bietet Ihnen von Mitte Mai bis Mitte September (abh\u00e4ngig von der Anzahl der Personen) die Entdeckung der lokalen K\u00fcche.<br \/>\n<\/strong><\/span><strong>Von 18.00 bis 21.00 Uhr stehen die Food Trucks unserer Partner auf der Terrasse des Campingplatzes.<\/strong><\/p>\n<p>Und auch viele Restaurants im Dorf zu entdecken, 5 Minuten zu Fu\u00df:<\/p>\n<ul>\n<li><strong>Les P\u2019tits Bonheurs<\/strong>: Franz\u00f6sische regionale K\u00fcche<\/li>\n<li><strong>Pizzeria Le Ch\u00e9rubin<\/strong>: Pizza<\/li>\n<li><strong>Bistro Canaille<\/strong>: erlesene Weine und gepaarte Gerichte<\/li>\n<li><strong>Snack Le Michouille<\/strong>: Burger, Salate, Sandwiches, Quiches &#8230;<\/li>\n<li><strong>Le Vermentino : <\/strong>een verscheidenheid aan Italiaans ge\u00efnspireerde gerechten<\/li>\n<li><strong>La Nesque<\/strong>: Franz\u00f6sische K\u00fcche<br \/>\nohne die <strong>Bar du Soleil<\/strong> zu vergessen, um Ihren Durst zu stillen.<\/li>\n<li>Und mitten in den Weinbergen : <strong>La Ferme du Pezet<\/strong>.<\/li>\n<\/ul>\n<\/div>\n\n\t\t\t\t\t<\/div>\n\t\t\t\t<\/div><\/div><div class=\"fusion-clearfix\"><\/div><\/div><\/div><div  class=\"fusion-layout-column fusion_builder_column fusion_builder_column_1_1 fusion-builder-column-4 fusion-one-full fusion-column-first fusion-column-last 1_1\"  style='margin-top:0px;margin-bottom:0px;'><div class=\"fusion-column-wrapper\" style=\"padding: 0px 0px 0px 0px;background-position:left top;background-repeat:no-repeat;-webkit-background-size:cover;-moz-background-size:cover;-o-background-size:cover;background-size:cover;\"   data-bg-url=\"\"><style type=\"text\/css\"><\/style><div class=\"fusion-title title fusion-title-4 fusion-sep-none fusion-title-text fusion-title-size-one\" style=\"margin-top:0px;margin-bottom:31px;\"><h1 class=\"title-heading-left\" style=\"margin:0;\">Vermietung von E- Auto<\/h1><\/div><style type=\"text\/css\"><\/style><div class=\"fusion-title title fusion-title-5 fusion-sep-none fusion-title-text fusion-title-size-two\" style=\"margin-top:0px;margin-bottom:31px;\"><h2 class=\"title-heading-left\" style=\"margin:0;\">Vermietung von\u00a0 E- Auto<\/h2><\/div><div class=\"fusion-builder-row fusion-builder-row-inner fusion-row \"><div  class=\"fusion-layout-column fusion_builder_column fusion_builder_column_1_3 fusion-builder-nested-column-3 fusion-one-third fusion-column-first 1_3\"  style='margin-top: 0px;margin-bottom: 20px;width:33.33%;width:calc(33.33% - ( ( 4% ) * 0.3333 ) );margin-right:4%;'>\n\t\t\t\t\t<div class=\"fusion-column-wrapper fusion-column-wrapper-3\" style=\"padding: 0px 0px 0px 0px;background-position:left top;background-repeat:no-repeat;-webkit-background-size:cover;-moz-background-size:cover;-o-background-size:cover;background-size:cover;\" data-bg-url=\"\">\n\t\t\t\t\t\t<div class=\"imageframe-align-center\"><span class=\"fusion-imageframe imageframe-none imageframe-6 hover-type-none\"><a href=\"https:\/\/www.provence-camping.com\/wp-content\/uploads\/voiture-elec.jpg\" class=\"fusion-lightbox\" data-rel=\"iLightbox[0526ee12bf9507c2cb7]\" data-title=\"voiture elec\" title=\"voiture elec\"><img loading=\"lazy\" decoding=\"async\" src=\"https:\/\/www.provence-camping.com\/wp-content\/uploads\/voiture-elec.jpg\" data-orig-src=\"https:\/\/www.provence-camping.com\/wp-content\/uploads\/voiture-elec.jpg\" width=\"903\" height=\"678\" alt=\"Voiture \u00e9lectrique Verguettes\" class=\"lazyload img-responsive wp-image-5830\" srcset=\"data:image\/svg+xml,%3Csvg%20xmlns%3D%27http%3A%2F%2Fwww.w3.org%2F2000%2Fsvg%27%20width%3D%27903%27%20height%3D%27678%27%20viewBox%3D%270%200%20903%20678%27%3E%3Crect%20width%3D%27903%27%20height%3D%273678%27%20fill-opacity%3D%220%22%2F%3E%3C%2Fsvg%3E\" data-srcset=\"https:\/\/www.provence-camping.com\/wp-content\/uploads\/voiture-elec-200x150.jpg 200w, https:\/\/www.provence-camping.com\/wp-content\/uploads\/voiture-elec-400x300.jpg 400w, https:\/\/www.provence-camping.com\/wp-content\/uploads\/voiture-elec-600x450.jpg 600w, https:\/\/www.provence-camping.com\/wp-content\/uploads\/voiture-elec-800x601.jpg 800w, https:\/\/www.provence-camping.com\/wp-content\/uploads\/voiture-elec.jpg 903w\" data-sizes=\"auto\" data-orig-sizes=\"auto, (max-width: 1000px) 100vw, 903px\" \/><\/a><\/span><\/div><div class=\"fusion-sep-clear\"><\/div><div class=\"fusion-separator fusion-full-width-sep sep-none\" style=\"margin-left: auto;margin-right: auto;margin-top:15 px;\"><\/div>\n\n\t\t\t\t\t<\/div>\n\t\t\t\t<\/div><div  class=\"fusion-layout-column fusion_builder_column fusion_builder_column_2_3 fusion-builder-nested-column-4 fusion-two-third fusion-column-last 2_3\"  style='margin-top: 0px;margin-bottom: 20px;width:66.66%;width:calc(66.66% - ( ( 4% ) * 0.6666 ) );'>\n\t\t\t\t\t<div class=\"fusion-column-wrapper fusion-column-wrapper-4\" style=\"padding: 0px 0px 0px 0px;background-position:left top;background-repeat:no-repeat;-webkit-background-size:cover;-moz-background-size:cover;-o-background-size:cover;background-size:cover;\" data-bg-url=\"\">\n\t\t\t\t\t\t<div class=\"fusion-text\"><p>Entdecken Sie die Vaucluse in aller Ruhe, zum Klang von Zikaden und Haaren im Wind!<\/p>\n<p>Wir bieten auf dem Campingplatz die Vermietung eines Cabrio-Elektroautos &#8222;Citro\u00ebn E-Mehari&#8220; mit einer Reichweite von ca. 150 km an.<\/p>\n<p>Die Vermietung ist nur f\u00fcr Urlauber reserviert, die auf Camping Les Verguettes wohnen.<\/p>\n<p>F\u00fcr diese Anmietung m\u00fcssen Sie einen \u00fcber 5 Jahre alten Autof\u00fchrerschein besitzen und mit einer VISA-, MASTERCARD- oder VISA Electron-Bankkarte bezahlen. Eine Anzahlung per Kreditkarte ist erforderlich. Alle Informationen erhalten Sie an der Rezeption des Campingplatzes.<\/p>\n<p>Wir freuen uns darauf, Sie bei der Entdeckung dieses praktischen Service zu unterst\u00fctzen!<\/p>\n<\/div>\n\n\t\t\t\t\t<\/div>\n\t\t\t\t<\/div><\/div><div class=\"fusion-clearfix\"><\/div><\/div><\/div><\/div><\/div>\n","protected":false},"excerpt":{"rendered":"","protected":false},"author":1,"featured_media":0,"parent":0,"menu_order":0,"comment_status":"closed","ping_status":"closed","template":"","meta":{"_acf_changed":false,"footnotes":""},"class_list":["post-969","page","type-page","status-publish","hentry"],"acf":[],"_links":{"self":[{"href":"https:\/\/www.provence-camping.com\/de\/wp-json\/wp\/v2\/pages\/969","targetHints":{"allow":["GET"]}}],"collection":[{"href":"https:\/\/www.provence-camping.com\/de\/wp-json\/wp\/v2\/pages"}],"about":[{"href":"https:\/\/www.provence-camping.com\/de\/wp-json\/wp\/v2\/types\/page"}],"author":[{"embeddable":true,"href":"https:\/\/www.provence-camping.com\/de\/wp-json\/wp\/v2\/users\/1"}],"replies":[{"embeddable":true,"href":"https:\/\/www.provence-camping.com\/de\/wp-json\/wp\/v2\/comments?post=969"}],"version-history":[{"count":51,"href":"https:\/\/www.provence-camping.com\/de\/wp-json\/wp\/v2\/pages\/969\/revisions"}],"predecessor-version":[{"id":106205,"href":"https:\/\/www.provence-camping.com\/de\/wp-json\/wp\/v2\/pages\/969\/revisions\/106205"}],"wp:attachment":[{"href":"https:\/\/www.provence-camping.com\/de\/wp-json\/wp\/v2\/media?parent=969"}],"curies":[{"name":"wp","href":"https:\/\/api.w.org\/{rel}","templated":true}]}}