{"id":8907,"date":"2022-10-21T09:26:44","date_gmt":"2022-10-21T07:26:44","guid":{"rendered":"https:\/\/www.provence-camping.com\/?page_id=8907"},"modified":"2025-04-27T11:24:32","modified_gmt":"2025-04-27T09:24:32","slug":"privilege-vermietung","status":"publish","type":"page","link":"https:\/\/www.provence-camping.com\/de\/privilege-vermietung\/","title":{"rendered":"Komfort-Vermietung"},"content":{"rendered":"<div class=\"fusion-fullwidth fullwidth-box fusion-builder-row-1 nonhundred-percent-fullwidth non-hundred-percent-height-scrolling\"  style='background-color: rgba(255,255,255,0);background-position: center center;background-repeat: no-repeat;padding-top:0px;padding-right:0px;padding-bottom:0px;padding-left:0px;'><div class=\"fusion-builder-row fusion-row \"><div  class=\"fusion-layout-column fusion_builder_column fusion_builder_column_1_1 fusion-builder-column-0 fusion-one-full fusion-column-first fusion-column-last 1_1\"  style='margin-top:0px;margin-bottom:20px;'><div class=\"fusion-column-wrapper\" style=\"padding: 0px 0px 0px 0px;background-position:left top;background-repeat:no-repeat;-webkit-background-size:cover;-moz-background-size:cover;-o-background-size:cover;background-size:cover;\"   data-bg-url=\"\"><style type=\"text\/css\"><\/style><div class=\"fusion-title title fusion-title-1 fusion-sep-none fusion-title-center fusion-title-text fusion-title-size-one\" style=\"margin-top:0px;margin-bottom:31px;\"><h1 class=\"title-heading-center\" style=\"margin:0;\">Komfort-Vermietung<\/h1><\/div><div class=\"fusion-text\"><p style=\"text-align: center;\"><strong>Comfort-Mietobjekte bieten gro\u00dfartige Annehmlichkeiten und Klimaanlage.<\/strong><\/p>\n<\/div>        <style>\t\t\n\t\t\n\t\t#childs0 { display:flex !important; flex-wrap: wrap; justify-content: center; text-align:center }\n\t\t#childs0 article { border:1px solid rgba(0,0,0,0.3); margin:10px; float:none; position:relative }\n\t\t#childs0 article .cap { position:absolute; top:15px; left:15px; z-index:10; background-color:#974292; font-weight:bold; border-radius:15px; padding:0 6px; color:#fff }\n\t\t#childs0 article .cap:after { content: \"\\f2bd\"; font: normal normal normal 16px \/1 \"Font Awesome 5 Free\"; font-weight: bold; margin-left:10px }\n\t\t#childs0 a img { transition:0.3s opacity }\n\t\t#childs0 a:hover img { opacity:0.8 }\t\t\n\t\t#childs0 h2.title-extrait { font-weight:bold !important }\n\t\t#childs0 h2.title-extrait a { color:#974292 !important; display:block }\n\t\t#childs0 article.fusion-post-grid { width: calc(100% \/ 4.5) !important; min-width: 300px }\n\n\t\t\/* menu bas de page *\/\n\t\t#childs0.menubdp h2.title-extrait a { font-size: 13px !important }\n\t\t#childs0.menubdp h2.title-extrait  { padding:5px; margin:0px 10px !important }\n\t\t#childs0.menubdp article.fusion-post-grid { width:195px !important; min-width:0 !important; }\n\t\t\n\t\t\/* liste page *\/\n\t\t#childs0.liste h2.title-extrait { padding:10px; margin:0px 15px !important; border-bottom:1px solid rgba(0,0,0,0.3) }\n\t\t#childs0.liste { flex-wrap: wrap !important } \n\t\t#childs0.liste ul { padding:10px 15px !important }\n\t\t#childs0.liste h2.title-extrait a { font-size: 18px !important }\n\t\t@media (max-width: 1000px) {\n\t\t\t#childs0.liste { flex-wrap: wrap }\n\t\t\t#childs0.liste article { max-width:350px !important }\n\t\t}\n\t\t.loc-extrait { text-align:left }\n\t\t.loc-extrait li { list-style:none !important; line-height:1.2em; color:#974292; font-weight:bold }\n\t\t.loc-extrait span { color:#747474; font-weight:normal }\n\t\t.loc-extrait-cc span { font-weight:bold }\n\t\t.loc-extrait-cc, .loc-extrait-cc span { color:#974292 }\n\t\t.loc-extrait-cc i { margin-right:10px; display:inline-block; margin-top:15px }\n\t\t\n\t\t.title-liste { font-size:25px; color:#974292 }\n\t\t\n        <\/style>\n        <div id=\"childs0\" class=\"fusion-posts-container fusion-posts-container-no liste\">\n\t\t\t\t\t\t\t<article id=\"post-8940\" class=\"fusion-post-grid post-8940 \">\n                    <a href=\"https:\/\/www.provence-camping.com\/de\/privilege-vermietung\/chalet-victoria\/\" title=\"Chalet Victoria\"><img class=\"lazyload\" decoding=\"async\" src=\"data:image\/svg+xml,%3Csvg%20xmlns%3D%27http%3A%2F%2Fwww.w3.org%2F2000%2Fsvg%27%20width%3D%27460%27%20height%3D%27295%27%20viewBox%3D%270%200%20460%20295%27%3E%3Crect%20width%3D%27460%27%20height%3D%273295%27%20fill-opacity%3D%220%22%2F%3E%3C%2Fsvg%3E\" data-orig-src=\"https:\/\/www.provence-camping.com\/wp-content\/uploads\/Victoria-exterieur-hekipia-460x295.jpg\" alt=\"\" title=\"\" \/><\/a>                                                 \n                    <h2 class=\"title-extrait\"><a href=\"https:\/\/www.provence-camping.com\/de\/privilege-vermietung\/chalet-victoria\/\" title=\"Chalet Victoria\">Chalet Victoria<\/a><\/h2>\n                    <span class=\"cap\">2<\/span>\n\t\t\t\t\t<ul class=\"loc-extrait\">\r\n<li><span>Maximale Kapazit\u00e4t:<\/span> 2 Personen<\/li>\r\n<li><span>Gr\u00f6\u00dfe:<\/span> 20 m\u00b2, 1 Schlafzimmer<\/li>\r\n<li><span>Sanit\u00e4r:<\/span> Ja<\/li>\r\n<li><span>Terrasse:<\/span> 12 m\u00b2 \u00fcberdacht<\/li>\r\n<li><span>Anzahl Victoria:<\/span> 2<\/li>\r\n<li class=\"loc-extrait-cc\"><i class=\"far fa-heart\"><\/i><span>Kleiner Garten, Blick auf Ventoux<\/li>\r\n<\/ul>                        \n                    <div class=\"fusion-clearfix\"><\/div>\n\t\t\t\t<\/article>\n\t\t\t\t\t\t\t\t<article id=\"post-8945\" class=\"fusion-post-grid post-8945 \">\n                    <a href=\"https:\/\/www.provence-camping.com\/de\/privilege-vermietung\/mobilheim-ventoux\/\" title=\"Mobilheim Ventoux\"><img class=\"lazyload\" decoding=\"async\" src=\"data:image\/gif;base64,R0lGODlhAQABAAAAACH5BAEKAAEALAAAAAABAAEAAAICTAEAOw==\" data-orig-src=\"https:\/\/www.provence-camping.com\/wp-content\/uploads\/MH-Ventoux-Verguettes-Terrasse-460x295.jpg\" alt=\"\" title=\"\" \/><\/a>                                                 \n                    <h2 class=\"title-extrait\"><a href=\"https:\/\/www.provence-camping.com\/de\/privilege-vermietung\/mobilheim-ventoux\/\" title=\"Mobilheim Ventoux\">Mobilheim Ventoux<\/a><\/h2>\n                    <span class=\"cap\">5<\/span>\n\t\t\t\t\t<ul class=\"loc-extrait\">\r\n<li><span>Maximale Kapazit\u00e4t:<\/span> 5 Personen<\/li>\r\n<li><span>Gr\u00f6\u00dfe:<\/span> 26 m\u00b2, 2 Schlafzimmer<\/li>\r\n<li><span>Sanit\u00e4r:<\/span> Ja<\/li>\r\n<li><span>Terrasse:<\/span> 8 m\u00b2 \u00fcberdacht mit Garten<\/li>\r\n<li><span>Anzahl Ventoux:<\/span> 6<\/li>\r\n<li class=\"loc-extrait-cc\"><i class=\"far fa-heart\"><\/i><span>Garten, Blick auf den Ventoux<\/li>\r\n<\/ul>                        \n                    <div class=\"fusion-clearfix\"><\/div>\n\t\t\t\t<\/article>\n\t\t\t\t\t\t\t\t<article id=\"post-8957\" class=\"fusion-post-grid post-8957 \">\n                    <a href=\"https:\/\/www.provence-camping.com\/de\/privilege-vermietung\/chalet-morea\/\" title=\"Chalet Morea\"><img class=\"lazyload\" decoding=\"async\" src=\"data:image\/svg+xml,%3Csvg%20xmlns%3D%27http%3A%2F%2Fwww.w3.org%2F2000%2Fsvg%27%20width%3D%27460%27%20height%3D%27295%27%20viewBox%3D%270%200%20460%20295%27%3E%3Crect%20width%3D%27460%27%20height%3D%273295%27%20fill-opacity%3D%220%22%2F%3E%3C%2Fsvg%3E\" data-orig-src=\"https:\/\/www.provence-camping.com\/wp-content\/uploads\/Morea-salon-terrasse-hekipia-460x295.jpg\" alt=\"\" title=\"\" \/><\/a>                                                 \n                    <h2 class=\"title-extrait\"><a href=\"https:\/\/www.provence-camping.com\/de\/privilege-vermietung\/chalet-morea\/\" title=\"Chalet Morea\">Chalet Morea<\/a><\/h2>\n                    <span class=\"cap\">5<\/span>\n\t\t\t\t\t<ul class=\"loc-extrait\">\r\n<li><span>Maximale Kapazit\u00e4t:<\/span> 5 Personen<\/li>\r\n<li><span>Gr\u00f6\u00dfe:<\/span> 25 m\u00b2, 2 Schlafzimmer<\/li>\r\n<li><span>Sanit\u00e4r:<\/span> Ja<\/li>\r\n<li><span>Terrasse:<\/span> 12 m\u00b2 \u00fcberdacht mit Garten<\/li>\r\n<li><span>Anzahl Ventoux:<\/span> 4<\/li>\r\n<li class=\"loc-extrait-cc\"><i class=\"far fa-heart\"><\/i><span>Garten, Blick auf den Ventoux<\/li>\r\n<\/ul>                        \n                    <div class=\"fusion-clearfix\"><\/div>\n\t\t\t\t<\/article>\n\t\t\t\t\t\t\t\t<article id=\"post-8959\" class=\"fusion-post-grid post-8959 \">\n                    <a href=\"https:\/\/www.provence-camping.com\/de\/privilege-vermietung\/chalet-sesame\/\" title=\"Chalet Sesame\"><img class=\"lazyload\" decoding=\"async\" src=\"data:image\/svg+xml,%3Csvg%20xmlns%3D%27http%3A%2F%2Fwww.w3.org%2F2000%2Fsvg%27%20width%3D%27460%27%20height%3D%27295%27%20viewBox%3D%270%200%20460%20295%27%3E%3Crect%20width%3D%27460%27%20height%3D%273295%27%20fill-opacity%3D%220%22%2F%3E%3C%2Fsvg%3E\" data-orig-src=\"https:\/\/www.provence-camping.com\/wp-content\/uploads\/Chalet-Sesame-Verguettes-garden-view-e1523787753978-460x295.jpg\" alt=\"Chalet Sesame view Ventoux Camping Les Verguettes\" title=\"Chalet avec vue Ventoux Camping Les Verguettes Provence Avignon Vaucluse\" \/><\/a>                                                 \n                    <h2 class=\"title-extrait\"><a href=\"https:\/\/www.provence-camping.com\/de\/privilege-vermietung\/chalet-sesame\/\" title=\"Chalet Sesame\">Chalet Sesame<\/a><\/h2>\n                    <span class=\"cap\">5<\/span>\n\t\t\t\t\t<ul class=\"loc-extrait\">\r\n<li><span>Maximale Kapazit\u00e4t:<\/span> 5 Personen<\/li>\r\n<li><span>Gr\u00f6\u00dfe:<\/span> 31 m\u00b2, 2 Schlafzimmer<\/li>\r\n<li><span>Sanit\u00e4r:<\/span> Ja<\/li>\r\n<li><span>Terrasse:<\/span> 14 m\u00b2 \u00fcberdacht mit Garten<\/li>\r\n<li><span>Anzahl Ventoux:<\/span> 2<\/li>\r\n<li class=\"loc-extrait-cc\"><i class=\"far fa-heart\"><\/i><span>Garten, Blick auf den Ventoux<\/li>\r\n<\/ul>                        \n                    <div class=\"fusion-clearfix\"><\/div>\n\t\t\t\t<\/article>\n\t\t\t\t\t\t\t\t<article id=\"post-8975\" class=\"fusion-post-grid post-8975 \">\n                    <a href=\"https:\/\/www.provence-camping.com\/de\/privilege-vermietung\/mobilheim-bahia\/\" title=\"Mobilheim Bahia\"><img class=\"lazyload\" decoding=\"async\" src=\"data:image\/svg+xml,%3Csvg%20xmlns%3D%27http%3A%2F%2Fwww.w3.org%2F2000%2Fsvg%27%20width%3D%27460%27%20height%3D%27295%27%20viewBox%3D%270%200%20460%20295%27%3E%3Crect%20width%3D%27460%27%20height%3D%273295%27%20fill-opacity%3D%220%22%2F%3E%3C%2Fsvg%3E\" data-orig-src=\"https:\/\/www.provence-camping.com\/wp-content\/uploads\/bahia-exterieur2-460x295.jpg\" alt=\"\" title=\"\" \/><\/a>                                                 \n                    <h2 class=\"title-extrait\"><a href=\"https:\/\/www.provence-camping.com\/de\/privilege-vermietung\/mobilheim-bahia\/\" title=\"Mobilheim Bahia\">Mobilheim Bahia<\/a><\/h2>\n                    <span class=\"cap\">6<\/span>\n\t\t\t\t\t<ul class=\"loc-extrait\">\r\n<li><span>Maximale Kapazit\u00e4t:<\/span> 6 Personen<\/li>\r\n<li><span>Gr\u00f6\u00dfe:<\/span>32 m\u00b2, 3 Schlafzimmer<\/li>\r\n<li><span>Sanit\u00e4r:<\/span> Ja<\/li>\r\n<li><span>Terrasse:<\/span> 12 m\u00b2 \u00fcberdachte<\/li>\r\n<li><span>Anzahl Bahia:<\/span> 1<\/li>\r\n<li class=\"loc-extrait-cc\"><i class=\"far fa-heart\"><\/i><span>Privatsph\u00e4re, Klimaanlage<\/li>\r\n<\/ul>                        \n                    <div class=\"fusion-clearfix\"><\/div>\n\t\t\t\t<\/article>\n\t\t\t\t\t\t\t\t<article id=\"post-8961\" class=\"fusion-post-grid post-8961 \">\n                    <a href=\"https:\/\/www.provence-camping.com\/de\/privilege-vermietung\/chalet-transylvanie\/\" title=\"Chalet Transylvanie\"><img class=\"lazyload\" decoding=\"async\" src=\"data:image\/gif;base64,R0lGODlhAQABAAAAACH5BAEKAAEALAAAAAABAAEAAAICTAEAOw==\" data-orig-src=\"https:\/\/www.provence-camping.com\/wp-content\/uploads\/Transylvanie-Verguettes-Terrasse-460x295.jpg\" alt=\"\" title=\"\" \/><\/a>                                                 \n                    <h2 class=\"title-extrait\"><a href=\"https:\/\/www.provence-camping.com\/de\/privilege-vermietung\/chalet-transylvanie\/\" title=\"Chalet Transylvanie\">Chalet Transylvanie<\/a><\/h2>\n                    <span class=\"cap\">6<\/span>\n\t\t\t\t\t<ul class=\"loc-extrait\">\r\n<li><span>Maximale Kapazit\u00e4t:<\/span> 6 Personen<\/li>\r\n<li><span>Gr\u00f6\u00dfe:<\/span> 35 m\u00b2, 3 Schlafzimmer<\/li>\r\n<li><span>Sanit\u00e4r:<\/span> Ja<\/li>\r\n<li><span>Terrasse:<\/span> 15 m\u00b2 \u00fcberdachtn<\/li>\r\n<li><span>Anzahl Ventoux:<\/span> 2<\/li>\r\n<li class=\"loc-extrait-cc\"><i class=\"far fa-heart\"><\/i><span>Warm, Komfort<\/li>\r\n<\/ul>                        \n                    <div class=\"fusion-clearfix\"><\/div>\n\t\t\t\t<\/article>\n\t\t\t\t\t\t\t\t<article id=\"post-8977\" class=\"fusion-post-grid post-8977 \">\n                    <a href=\"https:\/\/www.provence-camping.com\/de\/privilege-vermietung\/mobilheims-malaga-family\/\" title=\"Mobilheims Malaga Tribu\"><img class=\"lazyload\" decoding=\"async\" src=\"data:image\/gif;base64,R0lGODlhAQABAAAAACH5BAEKAAEALAAAAAABAAEAAAICTAEAOw==\" data-orig-src=\"https:\/\/www.provence-camping.com\/wp-content\/uploads\/Malaga-terrasse-partagee-verguettes-1-460x295.jpg\" alt=\"\" title=\"\" \/><\/a>                                                 \n                    <h2 class=\"title-extrait\"><a href=\"https:\/\/www.provence-camping.com\/de\/privilege-vermietung\/mobilheims-malaga-family\/\" title=\"Mobilheims Malaga Tribu\">Mobilheims Malaga Tribu<\/a><\/h2>\n                    <span class=\"cap\">10<\/span>\n\t\t\t\t\t<ul class=\"loc-extrait\">\r\n<li><span>Maximale Kapazit\u00e4t:<\/span> 2*5=10 Personen<\/li>\r\n<li><span>Gr\u00f6\u00dfe:<\/span>2*23 m\u00b2, 4 Schlafzimmer<\/li>\r\n<li><span>Sanit\u00e4r:<\/span> Ja<\/li>\r\n<li><span>Terrasse:<\/span> 30 m\u00b2 halb \u00fcberdachte<\/li>\r\n<li><span>Anzahl Malaga Tribu:<\/span> 1<\/li>\r\n<li class=\"loc-extrait-cc\"><i class=\"far fa-heart\"><\/i><span>Gro\u00dfe gemeinsame Terrasse, Klim<\/li>\r\n<\/ul>                        \n                    <div class=\"fusion-clearfix\"><\/div>\n\t\t\t\t<\/article>\n\t\t\t\t        <\/div>\n\t\t<div class=\"fusion-sep-clear\"><\/div><div class=\"fusion-separator fusion-full-width-sep sep-none\" style=\"margin-left: auto;margin-right: auto;margin-top:30px;\"><\/div><div class=\"fusion-text\"><hr \/>\n<p style=\"text-align: center;\"><span style=\"color: #ff00ff;\"><strong>Anreisetage zu allen Jahreszeiten m\u00f6glich: Montag, Mittwoch, Freitag, Samstag und Sonntag.<\/strong><\/span><\/p>\n<\/div><div class=\"fusion-text\"><hr \/>\n<p style=\"text-align: center;\"><span style=\"color: #ff00ff;\"><strong>Keine Ank\u00fcnfte am Dienstag und Donnerstag*.<\/strong><\/span><br \/>\nDer Mindestaufenthalt betr\u00e4gt je nach Zeitraum 2, 3 oder 7 N\u00e4chte.<br \/>\nComfort-Mietunterk\u00fcnfte sind mit einer umschaltbaren Klimaanlage ausgestattet und verf\u00fcgen nicht \u00fcber einen Fernseher.<br \/>\nZus\u00e4tzlich zum Preis: Miete von Bettw\u00e4sche, Haustier, Endreinigung, Kurtaxe.<br \/>\n<em>* Mit Ausnahme bestimmter franz\u00f6sischer Feiertage werden bei der Online-Buchung Unterk\u00fcnfte angezeigt, die f\u00fcr Ank\u00fcnfte am Dienstag\/Donnerstag zugelassen sind.<\/em><\/p>\n<p style=\"text-align: center;\"><em>NB: Alle unsere Mietobjekte sind Nichtraucherzimmer. Jede Unterkunft kann maximal Personen aufnehmen, wie in den Beschreibungen angegeben. Es ist nicht m\u00f6glich, Betten hinzuzuf\u00fcgen oder auf der Terrasse oder im Garten der Mietobjekte zu campen. Wenn Sie Personen hinzuf\u00fcgen m\u00f6chten, k\u00f6nnen Sie eine gr\u00f6\u00dfere Unterkunft w\u00e4hlen.<\/em><\/p>\n<p style=\"text-align: center;\"><strong>Das Tragen eines speziellen Armbandes ist Pflicht. Es ist keinen externen Besuchern gestattet, den Campingplatz zu betreten.<\/strong><\/p>\n<\/div><div class=\"fusion-clearfix\"><\/div><\/div><\/div><\/div><\/div>\n","protected":false},"excerpt":{"rendered":"","protected":false},"author":2,"featured_media":0,"parent":0,"menu_order":0,"comment_status":"closed","ping_status":"closed","template":"","meta":{"_acf_changed":false,"footnotes":""},"class_list":["post-8907","page","type-page","status-publish","hentry"],"acf":[],"_links":{"self":[{"href":"https:\/\/www.provence-camping.com\/de\/wp-json\/wp\/v2\/pages\/8907","targetHints":{"allow":["GET"]}}],"collection":[{"href":"https:\/\/www.provence-camping.com\/de\/wp-json\/wp\/v2\/pages"}],"about":[{"href":"https:\/\/www.provence-camping.com\/de\/wp-json\/wp\/v2\/types\/page"}],"author":[{"embeddable":true,"href":"https:\/\/www.provence-camping.com\/de\/wp-json\/wp\/v2\/users\/2"}],"replies":[{"embeddable":true,"href":"https:\/\/www.provence-camping.com\/de\/wp-json\/wp\/v2\/comments?post=8907"}],"version-history":[{"count":11,"href":"https:\/\/www.provence-camping.com\/de\/wp-json\/wp\/v2\/pages\/8907\/revisions"}],"predecessor-version":[{"id":12309,"href":"https:\/\/www.provence-camping.com\/de\/wp-json\/wp\/v2\/pages\/8907\/revisions\/12309"}],"wp:attachment":[{"href":"https:\/\/www.provence-camping.com\/de\/wp-json\/wp\/v2\/media?parent=8907"}],"curies":[{"name":"wp","href":"https:\/\/api.w.org\/{rel}","templated":true}]}}