{"id":8899,"date":"2022-10-21T09:18:48","date_gmt":"2022-10-21T07:18:48","guid":{"rendered":"https:\/\/www.provence-camping.com\/?page_id=8899"},"modified":"2024-10-03T16:54:29","modified_gmt":"2024-10-03T14:54:29","slug":"ungewoehnliche-vermietung","status":"publish","type":"page","link":"https:\/\/www.provence-camping.com\/de\/ungewoehnliche-vermietung\/","title":{"rendered":"Ungew\u00f6hnliche Vermietung"},"content":{"rendered":"<div class=\"fusion-fullwidth fullwidth-box fusion-builder-row-1 nonhundred-percent-fullwidth non-hundred-percent-height-scrolling\"  style='background-color: rgba(255,255,255,0);background-position: center center;background-repeat: no-repeat;padding-top:0px;padding-right:0px;padding-bottom:0px;padding-left:0px;'><div class=\"fusion-builder-row fusion-row \"><div  class=\"fusion-layout-column fusion_builder_column fusion_builder_column_1_1 fusion-builder-column-0 fusion-one-full fusion-column-first fusion-column-last 1_1\"  style='margin-top:0px;margin-bottom:20px;'><div class=\"fusion-column-wrapper\" style=\"padding: 0px 0px 0px 0px;background-position:left top;background-repeat:no-repeat;-webkit-background-size:cover;-moz-background-size:cover;-o-background-size:cover;background-size:cover;\"   data-bg-url=\"\"><style type=\"text\/css\"><\/style><div class=\"fusion-title title fusion-title-1 fusion-sep-none fusion-title-center fusion-title-text fusion-title-size-one\" style=\"margin-top:0px;margin-bottom:31px;\"><h1 class=\"title-heading-center\" style=\"margin:0;\">Ungew\u00f6hnliche Vermietung<\/h1><\/div><div class=\"fusion-text\"><p style=\"text-align: center;\"><strong>Genie\u00dfen Sie Camping in untypischen Unterk\u00fcnften!<\/strong><\/p>\n<\/div>        <style>\t\t\n\t\t\n\t\t#childs0 { display:flex !important; flex-wrap: wrap; justify-content: center; text-align:center }\n\t\t#childs0 article { border:1px solid rgba(0,0,0,0.3); margin:10px; float:none; position:relative }\n\t\t#childs0 article .cap { position:absolute; top:15px; left:15px; z-index:10; background-color:#974292; font-weight:bold; border-radius:15px; padding:0 6px; color:#fff }\n\t\t#childs0 article .cap:after { content: \"\\f2bd\"; font: normal normal normal 16px \/1 \"Font Awesome 5 Free\"; font-weight: bold; margin-left:10px }\n\t\t#childs0 a img { transition:0.3s opacity }\n\t\t#childs0 a:hover img { opacity:0.8 }\t\t\n\t\t#childs0 h2.title-extrait { font-weight:bold !important }\n\t\t#childs0 h2.title-extrait a { color:#974292 !important; display:block }\n\t\t#childs0 article.fusion-post-grid { width: calc(100% \/ 4.5) !important; min-width: 300px }\n\n\t\t\/* menu bas de page *\/\n\t\t#childs0.menubdp h2.title-extrait a { font-size: 13px !important }\n\t\t#childs0.menubdp h2.title-extrait  { padding:5px; margin:0px 10px !important }\n\t\t#childs0.menubdp article.fusion-post-grid { width:195px !important; min-width:0 !important; }\n\t\t\n\t\t\/* liste page *\/\n\t\t#childs0.liste h2.title-extrait { padding:10px; margin:0px 15px !important; border-bottom:1px solid rgba(0,0,0,0.3) }\n\t\t#childs0.liste { flex-wrap: wrap !important } \n\t\t#childs0.liste ul { padding:10px 15px !important }\n\t\t#childs0.liste h2.title-extrait a { font-size: 18px !important }\n\t\t@media (max-width: 1000px) {\n\t\t\t#childs0.liste { flex-wrap: wrap }\n\t\t\t#childs0.liste article { max-width:350px !important }\n\t\t}\n\t\t.loc-extrait { text-align:left }\n\t\t.loc-extrait li { list-style:none !important; line-height:1.2em; color:#974292; font-weight:bold }\n\t\t.loc-extrait span { color:#747474; font-weight:normal }\n\t\t.loc-extrait-cc span { font-weight:bold }\n\t\t.loc-extrait-cc, .loc-extrait-cc span { color:#974292 }\n\t\t.loc-extrait-cc i { margin-right:10px; display:inline-block; margin-top:15px }\n\t\t\n\t\t.title-liste { font-size:25px; color:#974292 }\n\t\t\n        <\/style>\n        <div id=\"childs0\" class=\"fusion-posts-container fusion-posts-container-no liste\">\n\t\t\t\t\t\t\t<article id=\"post-8989\" class=\"fusion-post-grid post-8989 \">\n                    <a href=\"https:\/\/www.provence-camping.com\/de\/ungewoehnliche-vermietung\/pod-insolite\/\" title=\"Pod Insolite\"><img class=\"lazyload\" decoding=\"async\" src=\"data:image\/svg+xml,%3Csvg%20xmlns%3D%27http%3A%2F%2Fwww.w3.org%2F2000%2Fsvg%27%20width%3D%27460%27%20height%3D%27295%27%20viewBox%3D%270%200%20460%20295%27%3E%3Crect%20width%3D%27460%27%20height%3D%273295%27%20fill-opacity%3D%220%22%2F%3E%3C%2Fsvg%3E\" data-orig-src=\"https:\/\/www.provence-camping.com\/wp-content\/uploads\/pod-01-460x295.jpg\" alt=\"\" title=\"\" \/><\/a>                                                 \n                    <h2 class=\"title-extrait\"><a href=\"https:\/\/www.provence-camping.com\/de\/ungewoehnliche-vermietung\/pod-insolite\/\" title=\"Pod Insolite\">Pod Insolite<\/a><\/h2>\n                    <span class=\"cap\">3<\/span>\n\t\t\t\t\t<ul class=\"loc-extrait\">\r\n<li><span>Maximale Kapazit\u00e4t:<\/span> 3 Personen<\/li>\r\n<li><span>Gr\u00f6\u00dfe:<\/span>15 m\u00b2, 1 Schlafzimmer<\/li>\r\n<li><span>Sanit\u00e4r:<\/span> Ja<\/li>\r\n<li><span>Terrasse:<\/span> 10 m\u00b2<\/li>\r\n<li><span>Anzahl Pod:<\/span> 2<\/li>\r\n<li class=\"loc-extrait-cc\"><i class=\"far fa-heart\"><\/i><span>Reduzierter Preis, Cocoon<\/li>\r\n<\/ul>                        \n                    <div class=\"fusion-clearfix\"><\/div>\n\t\t\t\t<\/article>\n\t\t\t\t        <\/div>\n\t\t<div class=\"fusion-sep-clear\"><\/div><div class=\"fusion-separator fusion-full-width-sep sep-none\" style=\"margin-left: auto;margin-right: auto;margin-top:30px;\"><\/div><div class=\"fusion-text\"><hr \/>\n<p style=\"text-align: center;\"><span style=\"color: #ff00ff;\"><strong>Anreisetage zu allen Jahreszeiten (auch in der Hochsaison): T\u00e4glich<\/strong><\/span><\/p>\n<\/div><div class=\"fusion-text\"><hr \/>\n<p style=\"text-align: center;\">F\u00fcr die &#8222;Pod Insolite&#8220; betr\u00e4gt die Mindestdauer 1 Nacht zu jeder Jahreszeit.<br \/>\nZus\u00e4tzlich zum Preis: Miete von Bettw\u00e4sche, Haustier, Endreinigung, Kurtaxe.<\/p>\n<p style=\"text-align: center;\"><em>NB: Alle unsere Mietobjekte sind Nichtraucherzimmer. Jede Unterkunft kann maximal Personen aufnehmen, wie in den Beschreibungen angegeben. Es ist nicht m\u00f6glich, Betten hinzuzuf\u00fcgen oder auf der Terrasse oder im Garten der Mietobjekte zu campen. Wenn Sie Personen hinzuf\u00fcgen m\u00f6chten, k\u00f6nnen Sie eine gr\u00f6\u00dfere Unterkunft w\u00e4hlen.<\/em><\/p>\n<p style=\"text-align: center;\"><strong>Das Tragen eines speziellen Armbandes ist Pflicht. Es ist keinen externen Besuchern gestattet, den Campingplatz zu betreten.<\/strong><\/p>\n<\/div><div class=\"fusion-clearfix\"><\/div><\/div><\/div><\/div><\/div>\n","protected":false},"excerpt":{"rendered":"","protected":false},"author":2,"featured_media":0,"parent":0,"menu_order":0,"comment_status":"closed","ping_status":"closed","template":"","meta":{"_acf_changed":false,"footnotes":""},"class_list":["post-8899","page","type-page","status-publish","hentry"],"acf":[],"_links":{"self":[{"href":"https:\/\/www.provence-camping.com\/de\/wp-json\/wp\/v2\/pages\/8899","targetHints":{"allow":["GET"]}}],"collection":[{"href":"https:\/\/www.provence-camping.com\/de\/wp-json\/wp\/v2\/pages"}],"about":[{"href":"https:\/\/www.provence-camping.com\/de\/wp-json\/wp\/v2\/types\/page"}],"author":[{"embeddable":true,"href":"https:\/\/www.provence-camping.com\/de\/wp-json\/wp\/v2\/users\/2"}],"replies":[{"embeddable":true,"href":"https:\/\/www.provence-camping.com\/de\/wp-json\/wp\/v2\/comments?post=8899"}],"version-history":[{"count":8,"href":"https:\/\/www.provence-camping.com\/de\/wp-json\/wp\/v2\/pages\/8899\/revisions"}],"predecessor-version":[{"id":11616,"href":"https:\/\/www.provence-camping.com\/de\/wp-json\/wp\/v2\/pages\/8899\/revisions\/11616"}],"wp:attachment":[{"href":"https:\/\/www.provence-camping.com\/de\/wp-json\/wp\/v2\/media?parent=8899"}],"curies":[{"name":"wp","href":"https:\/\/api.w.org\/{rel}","templated":true}]}}