{"id":8048,"date":"2022-05-10T13:26:05","date_gmt":"2022-05-10T11:26:05","guid":{"rendered":"https:\/\/www.provence-camping.com\/?page_id=8048"},"modified":"2023-06-11T12:09:55","modified_gmt":"2023-06-11T10:09:55","slug":"letzte-verfuegbarkeiten-fuer-sommer-2022-zu-vermieten-fuer-kurzaufenthalte","status":"publish","type":"page","link":"https:\/\/www.provence-camping.com\/de\/letzte-verfuegbarkeiten-fuer-sommer-2022-zu-vermieten-fuer-kurzaufenthalte\/","title":{"rendered":"Letzte Verf\u00fcgbarkeiten f\u00fcr SOMMER 2022, ZU VERMIETEN F\u00fcr Kurzaufenthalte"},"content":{"rendered":"<p><strong>F\u00fcr <span style=\"color: #ff00ff;\">Kurzaufenthalte<\/span> in diesem Sommer 2022 finden Sie hier unsere neuesten Verf\u00fcgbarkeiten <\/strong>(aktualisiert am 19.05.2022):<\/p>\n<ul>\n<li><strong>Mobilheim Roller (2 Schlafzimmer, 4 Personen):<\/strong>\n<ul>\n<li>3 N\u00e4chte: 20. bis 23. Juli<\/li>\n<li>4 N\u00e4chte: 16. bis 20. Juli<\/li>\n<li>4 N\u00e4chte: vom 3. bis 7. August<\/li>\n<li>6 N\u00e4chte: 9. bis 15. Juli<\/li>\n<\/ul>\n<\/li>\n<li><strong>Chalet Sesame (2 Schlafzimmer, 5 Personen):<\/strong>\n<ul>\n<li>4 N\u00e4chte: 11. bis 15. Juli<\/li>\n<\/ul>\n<\/li>\n<li><strong>Mobilhome Bahia (3 Schlafzimmer, 6 Personen):<\/strong>\n<ul>\n<li>5 N\u00e4chte: 18. bis 23. Juli<\/li>\n<\/ul>\n<\/li>\n<li><strong>Chalet Transylvanie (3 Schlafzimmer, 6 Personen):<\/strong>\n<ul>\n<li>3 N\u00e4chte: 27. bis 30. Juli<\/li>\n<\/ul>\n<\/li>\n<\/ul>\n<p>F\u00fcr l\u00e4ngere Aufenthalte im Juli (ab 7 N\u00e4chten) ist noch Platz im <strong>Cottage Premium Duo<\/strong> (6 Personen).<\/p>\n<p>Z\u00f6gern Sie nicht, den Verf\u00fcgbarkeitskalender auf den Seiten jeder Vermietung zu konsultieren.<\/p>\n","protected":false},"excerpt":{"rendered":"<p>F\u00fcr Kurzaufenthalte in diesem Sommer 2022 finden Sie hier unsere neuesten Verf\u00fcgbarkeiten (aktualisiert am 19.05.2022): Mobilheim Roller (2 Schlafzimmer, 4 Personen): 3 N\u00e4chte: 20. bis 23. Juli 4 N\u00e4chte: 16. bis 20. Juli 4 N\u00e4chte: vom 3. bis 7. August 6 N\u00e4chte: 9. bis 15. Juli Chalet Sesame (2 Schlafzimmer, 5 Personen): 4 N\u00e4chte: 11. [&hellip;]<\/p>\n","protected":false},"author":2,"featured_media":0,"parent":0,"menu_order":0,"comment_status":"closed","ping_status":"closed","template":"","meta":{"_acf_changed":false,"footnotes":""},"class_list":["post-8048","page","type-page","status-publish","hentry"],"acf":[],"_links":{"self":[{"href":"https:\/\/www.provence-camping.com\/de\/wp-json\/wp\/v2\/pages\/8048","targetHints":{"allow":["GET"]}}],"collection":[{"href":"https:\/\/www.provence-camping.com\/de\/wp-json\/wp\/v2\/pages"}],"about":[{"href":"https:\/\/www.provence-camping.com\/de\/wp-json\/wp\/v2\/types\/page"}],"author":[{"embeddable":true,"href":"https:\/\/www.provence-camping.com\/de\/wp-json\/wp\/v2\/users\/2"}],"replies":[{"embeddable":true,"href":"https:\/\/www.provence-camping.com\/de\/wp-json\/wp\/v2\/comments?post=8048"}],"version-history":[{"count":16,"href":"https:\/\/www.provence-camping.com\/de\/wp-json\/wp\/v2\/pages\/8048\/revisions"}],"predecessor-version":[{"id":10006,"href":"https:\/\/www.provence-camping.com\/de\/wp-json\/wp\/v2\/pages\/8048\/revisions\/10006"}],"wp:attachment":[{"href":"https:\/\/www.provence-camping.com\/de\/wp-json\/wp\/v2\/media?parent=8048"}],"curies":[{"name":"wp","href":"https:\/\/api.w.org\/{rel}","templated":true}]}}